{"id":3084,"date":"2025-07-25T16:41:58","date_gmt":"2025-07-25T20:41:58","guid":{"rendered":"https:\/\/lemeridiem.ca\/?page_id=3084"},"modified":"2026-04-09T07:12:17","modified_gmt":"2026-04-09T11:12:17","slug":"promotions","status":"publish","type":"page","link":"https:\/\/lemeridiem.ca\/fr\/promotions\/","title":{"rendered":"Promotions"},"content":{"rendered":"\t\t<div data-elementor-type=\"wp-page\" data-elementor-id=\"3084\" class=\"elementor elementor-3084\" data-elementor-post-type=\"page\">\n\t\t\t\t<div class=\"elementor-element elementor-element-657980b e-con-full e-flex e-con e-parent\" data-id=\"657980b\" data-element_type=\"container\" data-settings=\"{&quot;background_background&quot;:&quot;classic&quot;}\">\n\t\t\t\t<div class=\"elementor-element elementor-element-13d018a elementor-widget elementor-widget-heading\" data-id=\"13d018a\" data-element_type=\"widget\" data-widget_type=\"heading.default\">\n\t\t\t\t<div class=\"elementor-widget-container\">\n\t\t\t\t\t<h2 class=\"elementor-heading-title elementor-size-default\">Promotions<\/h2>\t\t\t\t<\/div>\n\t\t\t\t<\/div>\n\t\t\t\t<div class=\"elementor-element elementor-element-b7001a1 elementor-widget elementor-widget-text-editor\" data-id=\"b7001a1\" data-element_type=\"widget\" data-widget_type=\"text-editor.default\">\n\t\t\t\t<div class=\"elementor-widget-container\">\n\t\t\t\t\t\t\t\t\t<p>En cours<\/p>\t\t\t\t\t\t\t\t<\/div>\n\t\t\t\t<\/div>\n\t\t\t\t<div class=\"elementor-element elementor-element-5aedd37 elementor-widget__width-initial elementor-widget elementor-widget-text-editor\" data-id=\"5aedd37\" data-element_type=\"widget\" data-widget_type=\"text-editor.default\">\n\t\t\t\t<div class=\"elementor-widget-container\">\n\t\t\t\t\t\t\t\t\t<p>C\u2019est le moment id\u00e9al pour emm\u00e9nager au Meridiem! Que vous choisissiez Laval ou St-J\u00e9r\u00f4me, profitez de nos offres en vigueur pour vivre dans un environnement moderne, lumineux et parfaitement adapt\u00e9 \u00e0 votre style de vie. Contactez notre \u00e9quipe pour planifier votre visite!<\/p>\t\t\t\t\t\t\t\t<\/div>\n\t\t\t\t<\/div>\n\t\t\t\t<div class=\"elementor-element elementor-element-f56d017 elementor-align-left elementor-widget elementor-widget-button\" data-id=\"f56d017\" data-element_type=\"widget\" data-widget_type=\"button.default\">\n\t\t\t\t<div class=\"elementor-widget-container\">\n\t\t\t\t\t\t\t\t\t<div class=\"elementor-button-wrapper\">\n\t\t\t\t\t<a class=\"elementor-button elementor-button-link elementor-size-sm\" href=\"https:\/\/lemeridiem.ca\/fr\/la-vie-au-meridiem\/\">\n\t\t\t\t\t\t<span class=\"elementor-button-content-wrapper\">\n\t\t\t\t\t\t\t\t\t<span class=\"elementor-button-text\">Contactez-nous<\/span>\n\t\t\t\t\t<\/span>\n\t\t\t\t\t<\/a>\n\t\t\t\t<\/div>\n\t\t\t\t\t\t\t\t<\/div>\n\t\t\t\t<\/div>\n\t\t\t\t<div class=\"elementor-element elementor-element-5a25be2 elementor-align-center elementor-widget elementor-widget-lottie\" data-id=\"5a25be2\" data-element_type=\"widget\" data-settings=\"{&quot;source_json&quot;:{&quot;url&quot;:&quot;https:\\\/\\\/lemeridiem.ca\\\/wp-content\\\/uploads\\\/2025\\\/08\\\/Vertical-Line.json&quot;,&quot;id&quot;:3380,&quot;size&quot;:&quot;&quot;,&quot;alt&quot;:&quot;&quot;,&quot;source&quot;:&quot;library&quot;},&quot;link_to&quot;:&quot;custom&quot;,&quot;custom_link&quot;:{&quot;url&quot;:&quot;#promo&quot;,&quot;is_external&quot;:&quot;&quot;,&quot;nofollow&quot;:&quot;&quot;,&quot;custom_attributes&quot;:&quot;&quot;},&quot;loop&quot;:&quot;yes&quot;,&quot;source&quot;:&quot;media_file&quot;,&quot;caption_source&quot;:&quot;none&quot;,&quot;trigger&quot;:&quot;arriving_to_viewport&quot;,&quot;viewport&quot;:{&quot;unit&quot;:&quot;%&quot;,&quot;size&quot;:&quot;&quot;,&quot;sizes&quot;:{&quot;start&quot;:0,&quot;end&quot;:100}},&quot;play_speed&quot;:{&quot;unit&quot;:&quot;px&quot;,&quot;size&quot;:1,&quot;sizes&quot;:[]},&quot;start_point&quot;:{&quot;unit&quot;:&quot;%&quot;,&quot;size&quot;:0,&quot;sizes&quot;:[]},&quot;end_point&quot;:{&quot;unit&quot;:&quot;%&quot;,&quot;size&quot;:100,&quot;sizes&quot;:[]},&quot;renderer&quot;:&quot;svg&quot;}\" data-widget_type=\"lottie.default\">\n\t\t\t\t<div class=\"elementor-widget-container\">\n\t\t\t\t\t<a class=\"e-lottie__container__link\" href=\"#promo\"><div class=\"e-lottie__container\"><div class=\"e-lottie__animation\"><\/div><\/div><\/a>\t\t\t\t<\/div>\n\t\t\t\t<\/div>\n\t\t\t\t<\/div>\n\t\t<div class=\"elementor-element elementor-element-4c2d7a4 e-flex e-con-boxed e-con e-parent\" data-id=\"4c2d7a4\" data-element_type=\"container\" data-settings=\"{&quot;background_background&quot;:&quot;classic&quot;}\">\n\t\t\t\t\t<div class=\"e-con-inner\">\n\t\t<div class=\"elementor-element elementor-element-afc3a37 e-con-full e-flex e-con e-child\" data-id=\"afc3a37\" data-element_type=\"container\">\n\t\t\t\t<div class=\"elementor-element elementor-element-bcfe80b elementor-widget elementor-widget-image\" data-id=\"bcfe80b\" data-element_type=\"widget\" data-widget_type=\"image.default\">\n\t\t\t\t<div class=\"elementor-widget-container\">\n\t\t\t\t\t\t\t\t\t\t\t\t\t\t\t<img loading=\"lazy\" decoding=\"async\" width=\"800\" height=\"1200\" src=\"https:\/\/lemeridiem.ca\/wp-content\/uploads\/2025\/07\/DSC9109-1220x1830.jpg\" class=\"attachment-large size-large wp-image-2943\" alt=\"\" srcset=\"https:\/\/lemeridiem.ca\/wp-content\/uploads\/2025\/07\/DSC9109-1220x1830.jpg 1220w, https:\/\/lemeridiem.ca\/wp-content\/uploads\/2025\/07\/DSC9109-660x990.jpg 660w, https:\/\/lemeridiem.ca\/wp-content\/uploads\/2025\/07\/DSC9109-519x779.jpg 519w, https:\/\/lemeridiem.ca\/wp-content\/uploads\/2025\/07\/DSC9109-768x1152.jpg 768w, https:\/\/lemeridiem.ca\/wp-content\/uploads\/2025\/07\/DSC9109-1024x1536.jpg 1024w, https:\/\/lemeridiem.ca\/wp-content\/uploads\/2025\/07\/DSC9109-1365x2048.jpg 1365w, https:\/\/lemeridiem.ca\/wp-content\/uploads\/2025\/07\/DSC9109-880x1320.jpg 880w, https:\/\/lemeridiem.ca\/wp-content\/uploads\/2025\/07\/DSC9109-scaled.jpg 1707w\" sizes=\"auto, (max-width: 800px) 100vw, 800px\" \/>\t\t\t\t\t\t\t\t\t\t\t\t\t\t\t<\/div>\n\t\t\t\t<\/div>\n\t\t\t\t<div class=\"elementor-element elementor-element-22fe886 elementor-widget elementor-widget-image\" data-id=\"22fe886\" data-element_type=\"widget\" data-widget_type=\"image.default\">\n\t\t\t\t<div class=\"elementor-widget-container\">\n\t\t\t\t\t\t\t\t\t\t\t\t\t\t\t<img loading=\"lazy\" decoding=\"async\" width=\"800\" height=\"534\" src=\"https:\/\/lemeridiem.ca\/wp-content\/uploads\/2025\/07\/Cuisine-Meridiem-1220x815.jpg\" class=\"attachment-large size-large wp-image-3086\" alt=\"\" srcset=\"https:\/\/lemeridiem.ca\/wp-content\/uploads\/2025\/07\/Cuisine-Meridiem-1220x815.jpg 1220w, https:\/\/lemeridiem.ca\/wp-content\/uploads\/2025\/07\/Cuisine-Meridiem-660x441.jpg 660w, https:\/\/lemeridiem.ca\/wp-content\/uploads\/2025\/07\/Cuisine-Meridiem-519x347.jpg 519w, https:\/\/lemeridiem.ca\/wp-content\/uploads\/2025\/07\/Cuisine-Meridiem-768x513.jpg 768w, https:\/\/lemeridiem.ca\/wp-content\/uploads\/2025\/07\/Cuisine-Meridiem-1536x1026.jpg 1536w, https:\/\/lemeridiem.ca\/wp-content\/uploads\/2025\/07\/Cuisine-Meridiem-2048x1368.jpg 2048w, https:\/\/lemeridiem.ca\/wp-content\/uploads\/2025\/07\/Cuisine-Meridiem-880x588.jpg 880w\" sizes=\"auto, (max-width: 800px) 100vw, 800px\" \/>\t\t\t\t\t\t\t\t\t\t\t\t\t\t\t<\/div>\n\t\t\t\t<\/div>\n\t\t\t\t<\/div>\n\t\t<div class=\"elementor-element elementor-element-1ca0769 e-con-full e-flex e-con e-child\" data-id=\"1ca0769\" data-element_type=\"container\" id=\"promo\" data-settings=\"{&quot;sticky&quot;:&quot;top&quot;,&quot;sticky_on&quot;:[&quot;desktop&quot;,&quot;tablet&quot;],&quot;sticky_parent&quot;:&quot;yes&quot;,&quot;sticky_offset&quot;:0,&quot;sticky_effects_offset&quot;:0,&quot;sticky_anchor_link_offset&quot;:0}\">\n\t\t<div class=\"elementor-element elementor-element-72296a3 e-con-full e-flex e-con e-child\" data-id=\"72296a3\" data-element_type=\"container\">\n\t\t<div class=\"elementor-element elementor-element-26f7e11 e-con-full elementor-hidden-widescreen elementor-hidden-desktop elementor-hidden-laptop elementor-hidden-tablet_extra elementor-hidden-tablet elementor-hidden-mobile e-flex e-con e-child\" data-id=\"26f7e11\" data-element_type=\"container\" data-settings=\"{&quot;background_background&quot;:&quot;classic&quot;}\">\n\t\t\t\t<div class=\"elementor-element elementor-element-364fc7a elementor-widget elementor-widget-image\" data-id=\"364fc7a\" data-element_type=\"widget\" data-widget_type=\"image.default\">\n\t\t\t\t<div class=\"elementor-widget-container\">\n\t\t\t\t\t\t\t\t\t\t\t\t\t\t\t<img loading=\"lazy\" decoding=\"async\" width=\"512\" height=\"512\" src=\"https:\/\/lemeridiem.ca\/wp-content\/uploads\/2025\/05\/Stationnement.png\" class=\"attachment-full size-full wp-image-2541\" alt=\"\" \/>\t\t\t\t\t\t\t\t\t\t\t\t\t\t\t<\/div>\n\t\t\t\t<\/div>\n\t\t\t\t<div class=\"elementor-element elementor-element-fd09f9d elementor-widget__width-initial elementor-widget elementor-widget-icon-box\" data-id=\"fd09f9d\" data-element_type=\"widget\" data-widget_type=\"icon-box.default\">\n\t\t\t\t<div class=\"elementor-widget-container\">\n\t\t\t\t\t\t\t<div class=\"elementor-icon-box-wrapper\">\n\n\t\t\t\n\t\t\t\t\t\t<div class=\"elementor-icon-box-content\">\n\n\t\t\t\t\t\t\t\t\t<h3 class=\"elementor-icon-box-title\">\n\t\t\t\t\t\t<span  >\n\t\t\t\t\t\t\t6 mois de stationnement gratuit\t\t\t\t\t\t<\/span>\n\t\t\t\t\t<\/h3>\n\t\t\t\t\n\t\t\t\t\t\t\t\t\t<p class=\"elementor-icon-box-description\">\n\t\t\t\t\t\t\u00c0 la signature de votre bail de un an, b\u00e9n\u00e9ficiez de 6 mois de stationnement int\u00e9rieur sans frais. Une offre pratique et avantageuse, pour bien commencer votre vie au Meridiem!\n<br><br>\n*La promotion peut prendre fin \u00e0 tout moment.\t\t\t\t\t<\/p>\n\t\t\t\t\n\t\t\t<\/div>\n\t\t\t\n\t\t<\/div>\n\t\t\t\t\t\t<\/div>\n\t\t\t\t<\/div>\n\t\t\t\t<\/div>\n\t\t<div class=\"elementor-element elementor-element-1d64ca6 e-con-full e-flex e-con e-child\" data-id=\"1d64ca6\" data-element_type=\"container\" data-settings=\"{&quot;background_background&quot;:&quot;classic&quot;}\">\n\t\t\t\t<div class=\"elementor-element elementor-element-f082fac elementor-widget__width-initial elementor-widget elementor-widget-icon-box\" data-id=\"f082fac\" data-element_type=\"widget\" data-widget_type=\"icon-box.default\">\n\t\t\t\t<div class=\"elementor-widget-container\">\n\t\t\t\t\t\t\t<div class=\"elementor-icon-box-wrapper\">\n\n\t\t\t\n\t\t\t\t\t\t<div class=\"elementor-icon-box-content\">\n\n\t\t\t\t\t\t\t\t\t<h3 class=\"elementor-icon-box-title\">\n\t\t\t\t\t\t<span  >\n\t\t\t\t\t\t\tPlusieurs promotions int\u00e9ressantes sont disponibles\t\t\t\t\t\t<\/span>\n\t\t\t\t\t<\/h3>\n\t\t\t\t\n\t\t\t\t\t\t\t\t\t<p class=\"elementor-icon-box-description\">\n\t\t\t\t\t\tPrenez rendez-vous avec nous pour visiter l\u2019unit\u00e9 qui vous int\u00e9resse et il nous fera plaisir de vous donner tous les d\u00e9tails sur nos promotions en vigueur. R\u00e9servez rapidement votre rendez-vous pour vous assurer d\u2019obtenir l\u2019unit\u00e9 que vous pr\u00e9f\u00e9rez.\t\t\t\t\t<\/p>\n\t\t\t\t\n\t\t\t<\/div>\n\t\t\t\n\t\t<\/div>\n\t\t\t\t\t\t<\/div>\n\t\t\t\t<\/div>\n\t\t\t\t<\/div>\n\t\t<div class=\"elementor-element elementor-element-8324b18 e-con-full elementor-hidden-widescreen elementor-hidden-desktop elementor-hidden-laptop elementor-hidden-tablet_extra elementor-hidden-tablet elementor-hidden-mobile e-flex e-con e-child\" data-id=\"8324b18\" data-element_type=\"container\" data-settings=\"{&quot;background_background&quot;:&quot;classic&quot;}\">\n\t\t\t\t<div class=\"elementor-element elementor-element-786361c elementor-widget elementor-widget-image\" data-id=\"786361c\" data-element_type=\"widget\" data-widget_type=\"image.default\">\n\t\t\t\t<div class=\"elementor-widget-container\">\n\t\t\t\t\t\t\t\t\t\t\t\t\t\t\t<img loading=\"lazy\" decoding=\"async\" width=\"512\" height=\"512\" src=\"https:\/\/lemeridiem.ca\/wp-content\/uploads\/2025\/05\/Stationnement.png\" class=\"attachment-full size-full wp-image-2541\" alt=\"\" \/>\t\t\t\t\t\t\t\t\t\t\t\t\t\t\t<\/div>\n\t\t\t\t<\/div>\n\t\t\t\t<div class=\"elementor-element elementor-element-f918280 elementor-widget__width-initial elementor-widget elementor-widget-icon-box\" data-id=\"f918280\" data-element_type=\"widget\" data-widget_type=\"icon-box.default\">\n\t\t\t\t<div class=\"elementor-widget-container\">\n\t\t\t\t\t\t\t<div class=\"elementor-icon-box-wrapper\">\n\n\t\t\t\n\t\t\t\t\t\t<div class=\"elementor-icon-box-content\">\n\n\t\t\t\t\t\t\t\t\t<h3 class=\"elementor-icon-box-title\">\n\t\t\t\t\t\t<span  >\n\t\t\t\t\t\t\t1 an de stationnement gratuit!\t\t\t\t\t\t<\/span>\n\t\t\t\t\t<\/h3>\n\t\t\t\t\n\t\t\t\t\t\t\t\t\t<p class=\"elementor-icon-box-description\">\n\t\t\t\t\t\t\u00c0 la signature d'un bail de 2 ans, b\u00e9n\u00e9ficiez de 12 mois de stationnement int\u00e9rieur sans frais.\n<br><br>\n*La promotion peut prendre fin \u00e0 tout moment.\t\t\t\t\t<\/p>\n\t\t\t\t\n\t\t\t<\/div>\n\t\t\t\n\t\t<\/div>\n\t\t\t\t\t\t<\/div>\n\t\t\t\t<\/div>\n\t\t\t\t<\/div>\n\t\t\t\t<\/div>\n\t\t\t\t<\/div>\n\t\t\t\t\t<\/div>\n\t\t\t\t<\/div>\n\t\t\t\t<\/div>\n\t\t","protected":false},"excerpt":{"rendered":"<p>Promotions En cours C\u2019est le moment id\u00e9al pour emm\u00e9nager au Meridiem! Que vous choisissiez Laval ou St-J\u00e9r\u00f4me, profitez de nos offres en vigueur pour vivre dans un environnement moderne, lumineux et parfaitement adapt\u00e9 \u00e0 votre style de vie. Contactez notre \u00e9quipe pour planifier votre visite! Contactez-nous 6 mois de stationnement gratuit \u00c0 la signature de [&hellip;]<\/p>\n","protected":false},"author":7,"featured_media":0,"parent":0,"menu_order":0,"comment_status":"closed","ping_status":"closed","template":"","meta":{"_acf_changed":false,"footnotes":""},"class_list":["post-3084","page","type-page","status-publish","hentry"],"yoast_head":"<!-- This site is optimized with the Yoast SEO plugin v26.0 - https:\/\/yoast.com\/wordpress\/plugins\/seo\/ -->\n<title>Promotions - Le Meridiem<\/title>\n<meta name=\"robots\" content=\"index, follow, max-snippet:-1, max-image-preview:large, max-video-preview:-1\" \/>\n<link rel=\"canonical\" href=\"https:\/\/lemeridiem.ca\/fr\/promotions\/\" \/>\n<meta property=\"og:locale\" content=\"fr_FR\" \/>\n<meta property=\"og:type\" content=\"article\" \/>\n<meta property=\"og:title\" content=\"Promotions - Le Meridiem\" \/>\n<meta property=\"og:description\" content=\"Promotions En cours C\u2019est le moment id\u00e9al pour emm\u00e9nager au Meridiem! Que vous choisissiez Laval ou St-J\u00e9r\u00f4me, profitez de nos offres en vigueur pour vivre dans un environnement moderne, lumineux et parfaitement adapt\u00e9 \u00e0 votre style de vie. Contactez notre \u00e9quipe pour planifier votre visite! Contactez-nous 6 mois de stationnement gratuit \u00c0 la signature de [&hellip;]\" \/>\n<meta property=\"og:url\" content=\"https:\/\/lemeridiem.ca\/fr\/promotions\/\" \/>\n<meta property=\"og:site_name\" content=\"Le Meridiem\" \/>\n<meta property=\"article:modified_time\" content=\"2026-04-09T11:12:17+00:00\" \/>\n<meta property=\"og:image\" content=\"https:\/\/lemeridiem.ca\/wp-content\/uploads\/2025\/07\/DSC9109-scaled.jpg\" \/>\n\t<meta property=\"og:image:width\" content=\"1707\" \/>\n\t<meta property=\"og:image:height\" content=\"2560\" \/>\n\t<meta property=\"og:image:type\" content=\"image\/jpeg\" \/>\n<meta name=\"twitter:card\" content=\"summary_large_image\" \/>\n<meta name=\"twitter:label1\" content=\"Dur\u00e9e de lecture estim\u00e9e\" \/>\n\t<meta name=\"twitter:data1\" content=\"2 minutes\" \/>\n<script type=\"application\/ld+json\" class=\"yoast-schema-graph\">{\"@context\":\"https:\/\/schema.org\",\"@graph\":[{\"@type\":\"WebPage\",\"@id\":\"https:\/\/lemeridiem.ca\/fr\/promotions\/\",\"url\":\"https:\/\/lemeridiem.ca\/fr\/promotions\/\",\"name\":\"Promotions - Le Meridiem\",\"isPartOf\":{\"@id\":\"https:\/\/lemeridiem.ca\/fr\/#website\"},\"primaryImageOfPage\":{\"@id\":\"https:\/\/lemeridiem.ca\/fr\/promotions\/#primaryimage\"},\"image\":{\"@id\":\"https:\/\/lemeridiem.ca\/fr\/promotions\/#primaryimage\"},\"thumbnailUrl\":\"https:\/\/lemeridiem.ca\/wp-content\/uploads\/2025\/07\/DSC9109-1220x1830.jpg\",\"datePublished\":\"2025-07-25T20:41:58+00:00\",\"dateModified\":\"2026-04-09T11:12:17+00:00\",\"breadcrumb\":{\"@id\":\"https:\/\/lemeridiem.ca\/fr\/promotions\/#breadcrumb\"},\"inLanguage\":\"fr-FR\",\"potentialAction\":[{\"@type\":\"ReadAction\",\"target\":[\"https:\/\/lemeridiem.ca\/fr\/promotions\/\"]}]},{\"@type\":\"ImageObject\",\"inLanguage\":\"fr-FR\",\"@id\":\"https:\/\/lemeridiem.ca\/fr\/promotions\/#primaryimage\",\"url\":\"https:\/\/lemeridiem.ca\/wp-content\/uploads\/2025\/07\/DSC9109-1220x1830.jpg\",\"contentUrl\":\"https:\/\/lemeridiem.ca\/wp-content\/uploads\/2025\/07\/DSC9109-1220x1830.jpg\"},{\"@type\":\"BreadcrumbList\",\"@id\":\"https:\/\/lemeridiem.ca\/fr\/promotions\/#breadcrumb\",\"itemListElement\":[{\"@type\":\"ListItem\",\"position\":1,\"name\":\"Home\",\"item\":\"https:\/\/lemeridiem.ca\/fr\/\"},{\"@type\":\"ListItem\",\"position\":2,\"name\":\"Promotions\"}]},{\"@type\":\"WebSite\",\"@id\":\"https:\/\/lemeridiem.ca\/fr\/#website\",\"url\":\"https:\/\/lemeridiem.ca\/fr\/\",\"name\":\"Le Meridiem\",\"description\":\"\",\"publisher\":{\"@id\":\"https:\/\/lemeridiem.ca\/fr\/#organization\"},\"potentialAction\":[{\"@type\":\"SearchAction\",\"target\":{\"@type\":\"EntryPoint\",\"urlTemplate\":\"https:\/\/lemeridiem.ca\/fr\/?s={search_term_string}\"},\"query-input\":{\"@type\":\"PropertyValueSpecification\",\"valueRequired\":true,\"valueName\":\"search_term_string\"}}],\"inLanguage\":\"fr-FR\"},{\"@type\":\"Organization\",\"@id\":\"https:\/\/lemeridiem.ca\/fr\/#organization\",\"name\":\"Le Meridiem\",\"url\":\"https:\/\/lemeridiem.ca\/fr\/\",\"logo\":{\"@type\":\"ImageObject\",\"inLanguage\":\"fr-FR\",\"@id\":\"https:\/\/lemeridiem.ca\/fr\/#\/schema\/logo\/image\/\",\"url\":\"https:\/\/lemeridiem.ca\/wp-content\/uploads\/2025\/03\/LOGO-Meridiem.png\",\"contentUrl\":\"https:\/\/lemeridiem.ca\/wp-content\/uploads\/2025\/03\/LOGO-Meridiem.png\",\"width\":339,\"height\":33,\"caption\":\"Le Meridiem\"},\"image\":{\"@id\":\"https:\/\/lemeridiem.ca\/fr\/#\/schema\/logo\/image\/\"}}]}<\/script>\n<!-- \/ Yoast SEO plugin. -->","yoast_head_json":{"title":"Promotions - Le Meridiem","robots":{"index":"index","follow":"follow","max-snippet":"max-snippet:-1","max-image-preview":"max-image-preview:large","max-video-preview":"max-video-preview:-1"},"canonical":"https:\/\/lemeridiem.ca\/fr\/promotions\/","og_locale":"fr_FR","og_type":"article","og_title":"Promotions - Le Meridiem","og_description":"Promotions En cours C\u2019est le moment id\u00e9al pour emm\u00e9nager au Meridiem! Que vous choisissiez Laval ou St-J\u00e9r\u00f4me, profitez de nos offres en vigueur pour vivre dans un environnement moderne, lumineux et parfaitement adapt\u00e9 \u00e0 votre style de vie. Contactez notre \u00e9quipe pour planifier votre visite! Contactez-nous 6 mois de stationnement gratuit \u00c0 la signature de [&hellip;]","og_url":"https:\/\/lemeridiem.ca\/fr\/promotions\/","og_site_name":"Le Meridiem","article_modified_time":"2026-04-09T11:12:17+00:00","og_image":[{"width":1707,"height":2560,"url":"https:\/\/lemeridiem.ca\/wp-content\/uploads\/2025\/07\/DSC9109-scaled.jpg","type":"image\/jpeg"}],"twitter_card":"summary_large_image","twitter_misc":{"Dur\u00e9e de lecture estim\u00e9e":"2 minutes"},"schema":{"@context":"https:\/\/schema.org","@graph":[{"@type":"WebPage","@id":"https:\/\/lemeridiem.ca\/fr\/promotions\/","url":"https:\/\/lemeridiem.ca\/fr\/promotions\/","name":"Promotions - Le Meridiem","isPartOf":{"@id":"https:\/\/lemeridiem.ca\/fr\/#website"},"primaryImageOfPage":{"@id":"https:\/\/lemeridiem.ca\/fr\/promotions\/#primaryimage"},"image":{"@id":"https:\/\/lemeridiem.ca\/fr\/promotions\/#primaryimage"},"thumbnailUrl":"https:\/\/lemeridiem.ca\/wp-content\/uploads\/2025\/07\/DSC9109-1220x1830.jpg","datePublished":"2025-07-25T20:41:58+00:00","dateModified":"2026-04-09T11:12:17+00:00","breadcrumb":{"@id":"https:\/\/lemeridiem.ca\/fr\/promotions\/#breadcrumb"},"inLanguage":"fr-FR","potentialAction":[{"@type":"ReadAction","target":["https:\/\/lemeridiem.ca\/fr\/promotions\/"]}]},{"@type":"ImageObject","inLanguage":"fr-FR","@id":"https:\/\/lemeridiem.ca\/fr\/promotions\/#primaryimage","url":"https:\/\/lemeridiem.ca\/wp-content\/uploads\/2025\/07\/DSC9109-1220x1830.jpg","contentUrl":"https:\/\/lemeridiem.ca\/wp-content\/uploads\/2025\/07\/DSC9109-1220x1830.jpg"},{"@type":"BreadcrumbList","@id":"https:\/\/lemeridiem.ca\/fr\/promotions\/#breadcrumb","itemListElement":[{"@type":"ListItem","position":1,"name":"Home","item":"https:\/\/lemeridiem.ca\/fr\/"},{"@type":"ListItem","position":2,"name":"Promotions"}]},{"@type":"WebSite","@id":"https:\/\/lemeridiem.ca\/fr\/#website","url":"https:\/\/lemeridiem.ca\/fr\/","name":"Le Meridiem","description":"","publisher":{"@id":"https:\/\/lemeridiem.ca\/fr\/#organization"},"potentialAction":[{"@type":"SearchAction","target":{"@type":"EntryPoint","urlTemplate":"https:\/\/lemeridiem.ca\/fr\/?s={search_term_string}"},"query-input":{"@type":"PropertyValueSpecification","valueRequired":true,"valueName":"search_term_string"}}],"inLanguage":"fr-FR"},{"@type":"Organization","@id":"https:\/\/lemeridiem.ca\/fr\/#organization","name":"Le Meridiem","url":"https:\/\/lemeridiem.ca\/fr\/","logo":{"@type":"ImageObject","inLanguage":"fr-FR","@id":"https:\/\/lemeridiem.ca\/fr\/#\/schema\/logo\/image\/","url":"https:\/\/lemeridiem.ca\/wp-content\/uploads\/2025\/03\/LOGO-Meridiem.png","contentUrl":"https:\/\/lemeridiem.ca\/wp-content\/uploads\/2025\/03\/LOGO-Meridiem.png","width":339,"height":33,"caption":"Le Meridiem"},"image":{"@id":"https:\/\/lemeridiem.ca\/fr\/#\/schema\/logo\/image\/"}}]}},"acf":[],"_links":{"self":[{"href":"https:\/\/lemeridiem.ca\/fr\/wp-json\/wp\/v2\/pages\/3084","targetHints":{"allow":["GET"]}}],"collection":[{"href":"https:\/\/lemeridiem.ca\/fr\/wp-json\/wp\/v2\/pages"}],"about":[{"href":"https:\/\/lemeridiem.ca\/fr\/wp-json\/wp\/v2\/types\/page"}],"author":[{"embeddable":true,"href":"https:\/\/lemeridiem.ca\/fr\/wp-json\/wp\/v2\/users\/7"}],"replies":[{"embeddable":true,"href":"https:\/\/lemeridiem.ca\/fr\/wp-json\/wp\/v2\/comments?post=3084"}],"version-history":[{"count":0,"href":"https:\/\/lemeridiem.ca\/fr\/wp-json\/wp\/v2\/pages\/3084\/revisions"}],"wp:attachment":[{"href":"https:\/\/lemeridiem.ca\/fr\/wp-json\/wp\/v2\/media?parent=3084"}],"curies":[{"name":"wp","href":"https:\/\/api.w.org\/{rel}","templated":true}]}}